{"id":98,"date":"2023-12-27T11:23:05","date_gmt":"2023-12-27T11:23:05","guid":{"rendered":"https:\/\/estherfdez.es\/?page_id=98"},"modified":"2024-03-12T09:20:22","modified_gmt":"2024-03-12T09:20:22","slug":"politica-de-privacidad","status":"publish","type":"page","link":"https:\/\/estherfdez.es\/en\/politica-de-privacidad\/","title":{"rendered":"Pol\u00edtica de privacidad"},"content":{"rendered":"<div id=\"fws_69e463b8ecd02\"  data-column-margin=\"default\" data-midnight=\"dark\" data-top-percent=\"10%\"  class=\"wpb_row vc_row-fluid vc_row\"  style=\"padding-top: calc(100vw * 0.10); padding-bottom: 0px; \"><div class=\"row-bg-wrap\" data-bg-animation=\"none\" data-bg-animation-delay=\"\" data-bg-overlay=\"false\"><div class=\"inner-wrap row-bg-layer\" ><div class=\"row-bg viewport-desktop\"  style=\"\"><\/div><\/div><\/div><div class=\"row_col_wrap_12 col span_12 dark left\">\n\t<div  class=\"vc_col-sm-12 wpb_column column_container vc_column_container col no-extra-padding inherit_tablet inherit_phone\"  data-padding-pos=\"all\" data-has-bg-color=\"false\" data-bg-color=\"\" data-bg-opacity=\"1\" data-animation=\"\" data-delay=\"0\" >\n\t\t<div class=\"vc_column-inner\" >\n\t\t\t<div class=\"wpb_wrapper\">\n\t\t\t\t\n<div class=\"wpb_text_column wpb_content_element\" >\n\t<div class=\"wpb_wrapper\">\n\t\t<h1 style=\"text-align: center;\" data-text-color=\"primary\">Pol\u00edtica de privacidad<\/h1>\n<p>&nbsp;<\/p>\n<p><strong>\u00bfQUI\u00c9N ES EL RESPONSABLE DEL TRATAMIENTO?<\/strong><\/p>\n<ul>\n<li>Identidad del responsable: Esther Fern\u00e1ndez Rabanedo \u2013 NIF 53050176D<\/li>\n<li>Direcci\u00f3n f\u00edsica: Avda. Rey Don Jaime, 3-4, Pta. 8 | 46137 Playa Puebla de Farnals (Valencia)<\/li>\n<li>Correo electr\u00f3nico: esther@estherfdez.es<\/li>\n<li>Tel\u00e9fono: 607 66 22 03<\/li>\n<\/ul>\n<p><strong>\u00bfCON QU\u00c9 FINALIDAD TRATAMOS LOS DATOS PERSONALES?<\/strong><\/p>\n<p>En LA EMPRESA se tratan los datos personales con las siguientes finalidades:<\/p>\n<ul>\n<li>Contacto: responder a las solicitudes de informaci\u00f3n recibidas sobre los servicios que se ofrecen, as\u00ed como dar respuesta a cualquier otro tipo de pregunta que env\u00eden los usuarios.<\/li>\n<\/ul>\n<p><strong>\u00bfDURANTE CU\u00c1NTO TRATAMOS LOS DATOS PERSONALES?<\/strong><\/p>\n<p>En LA EMPRESA se tratan los datos personales durante los siguientes plazos:<\/p>\n<ul>\n<li>Contacto: el plazo de conservaci\u00f3n de los datos ser\u00e1 mientras el usuario no manifieste su derecho de supresi\u00f3n<\/li>\n<\/ul>\n<p><strong>\u00bfCU\u00c1L ES LA LEGITIMACI\u00d3N PARA EL TRATAMIENTO DE LOS DATOS?<\/strong><\/p>\n<p>Al acceder a nuestra web y rellenar los formularios o enviarnos datos a trav\u00e9s de los medios de contacto electr\u00f3nicos indicados, aceptas esta Pol\u00edtica de Privacidad. Es por ello, que nos basamos en el consentimiento del usuario para el tratamiento de sus datos. Adicionalmente, te informamos que s\u00f3lo usaremos la informaci\u00f3n de car\u00e1cter personal en virtud de esta Pol\u00edtica de Privacidad y, con car\u00e1cter general, solicitaremos tu consentimiento para usos con fines distintos de aqu\u00e9llos para los cuales los otorgaste inicialmente. Finalmente, te informamos que puedes retirar el consentimiento en cualquier momento, solo tendr\u00e1s que ponerte en contacto con nosotros a trav\u00e9s de los medios indicados en esta pol\u00edtica de privacidad<\/p>\n<p><strong>\u00bfCON QUI\u00c9N COMPARTIMOS LOS DATOS PERSONALES?<\/strong><\/p>\n<p>Los datos personales recabados no ser\u00e1n en ning\u00fan caso cedidos a terceros ni hechos p\u00fablicos, salvo en los supuestos en que lo consienta, participe voluntariamente o por obligaciones legales expresas.<\/p>\n<p>\u00danicamente compartimos informaci\u00f3n personal con ciertas empresas que prestan servicios, proporcionando \u00fanicamente aquellos datos necesarios para estos fines. Exigimos a cualquier empresa con la que pudi\u00e9ramos compartir informaci\u00f3n personal que proteja esos datos de conformidad con la presente pol\u00edtica, limite el uso de la informaci\u00f3n personal a la prestaci\u00f3n de servicios, adem\u00e1s de firmar los correspondientes contratos de acceso a datos conforme a la normativa vigente de protecci\u00f3n de datos. Tambi\u00e9n le informamos de que en el caso de que se realicen transferencias internacionales fuera del Espacio Econ\u00f3mico Europeo exigimos que estas empresas dispongan de \u201cseguros\u201d mediante acuerdos internacionales, o adhesi\u00f3n el Escudo de Privacidad UE-EE.UU ( EU- US Privacy Shield)<\/p>\n<p>No se comunicar\u00e1n los datos a terceros, salvo obligaci\u00f3n legal. Tambi\u00e9n compartimos Informaci\u00f3n personal con ciertas empresas que prestan servicios a nuestra empresa (soporte y desarrollo web, email marketing). Solo compartimos la Informaci\u00f3n personal necesaria para que puedan prestar dichos servicios. Exigimos a cualquier empresa con la que pudi\u00e9ramos compartir Informaci\u00f3n personal que proteja esos datos de una forma que cumpla con las disposiciones de esta pol\u00edtica y que limite el uso de dicha Informaci\u00f3n personal a la prestaci\u00f3n de servicios, adem\u00e1s de firmar los correspondientes contratos de acceso a datos conforme la normativa de protecci\u00f3n de datos exige en estos casos. Del mismo modo, informamos que no se realizan transferencias internacionales fuera del Espacio Econ\u00f3mico Europeo.<\/p>\n<p><strong>\u00bfQU\u00c9 DERECHOS PUEDES EJERCER?<\/strong><\/p>\n<p>El interesado podr\u00e1 ejercitar sus derechos sobre protecci\u00f3n de datos (acceso, rectificaci\u00f3n, oposici\u00f3n, supresi\u00f3n, decisiones automatizadas, limitaci\u00f3n del tratamiento, portabilidad) por correo electr\u00f3nico en esther@estherfdez.es, o por correo postal en Avda. Rey Don Jaime, 3-4, Pta. 8 | 46137 Playa Puebla de Farnals (Valencia). Deber\u00e1 aportarse documentaci\u00f3n que acredite la identidad del solicitante (copia del anverso del Documento Nacional de Identidad, o equivalente). El plazo de respuesta m\u00e1ximo ser\u00e1 de 30 d\u00edas desde su recepci\u00f3n, pudiendo prorrogarse como m\u00e1ximo por un plazo de 2 meses siempre que sea necesario.<\/p>\n<p>En cualquier caso, puede solicitar la tutela de la Agencia Espa\u00f1ola de Protecci\u00f3n de Datos a trav\u00e9s de su p\u00e1gina web.<\/p>\n\t<\/div>\n<\/div>\n\n\n\n\n\t\t\t<\/div> \n\t\t<\/div>\n\t<\/div> \n<\/div><\/div>\n\t\t<div id=\"fws_69e463b8ed273\"  data-column-margin=\"default\" data-midnight=\"dark\"  class=\"wpb_row vc_row-fluid vc_row\"  style=\"padding-top: 0px; padding-bottom: 0px; \"><div class=\"row-bg-wrap\" data-bg-animation=\"none\" data-bg-animation-delay=\"\" data-bg-overlay=\"false\"><div class=\"inner-wrap row-bg-layer\" ><div class=\"row-bg viewport-desktop\"  style=\"\"><\/div><\/div><\/div><div class=\"row_col_wrap_12 col span_12 dark left\">\n\t<div  class=\"vc_col-sm-12 wpb_column column_container vc_column_container col no-extra-padding inherit_tablet inherit_phone\"  data-padding-pos=\"all\" data-has-bg-color=\"false\" data-bg-color=\"\" data-bg-opacity=\"1\" data-animation=\"\" data-delay=\"0\" >\n\t\t<div class=\"vc_column-inner\" >\n\t\t\t<div class=\"wpb_wrapper\">\n\t\t\t\t\n\t\t<div id=\"fws_69e463b8ed78b\"  data-column-margin=\"default\" data-midnight=\"dark\" data-bottom-percent=\"4%\"  class=\"wpb_row vc_row-fluid vc_row full-width-content vc_row-o-equal-height vc_row-flex vc_row-o-content-bottom  right_padding_6pct left_padding_6pct\"  style=\"padding-top: 0px; padding-bottom: calc(100vw * 0.04); \"><div class=\"row-bg-wrap\" data-bg-animation=\"none\" data-bg-animation-delay=\"\" data-bg-overlay=\"false\"><div class=\"inner-wrap row-bg-layer\" ><div class=\"row-bg viewport-desktop\"  style=\"\"><\/div><\/div><\/div><div class=\"row_col_wrap_12 col span_12 dark left\">\n\t<div  class=\"vc_col-sm-12 wpb_column column_container vc_column_container col padding-4-percent inherit_tablet inherit_phone border_top_desktop_5px border_color_ffcc3e border_style_solid\"  data-padding-pos=\"bottom\" data-has-bg-color=\"false\" data-bg-color=\"\" data-bg-opacity=\"1\" data-animation=\"\" data-delay=\"0\" >\n\t\t<div class=\"vc_column-inner\" >\n\t\t\t<div class=\"wpb_wrapper\">\n\t\t\t\t<div class=\"divider-wrap\" data-alignment=\"default\"><div style=\"margin-top: 5px; height: 1px; margin-bottom: 5px;\" data-width=\"100%\" data-animate=\"yes\" data-animation-delay=\"\" data-color=\"extra-color-1\" class=\"divider-border\"><\/div><\/div>\n\t\t\t<\/div> \n\t\t<\/div>\n\t<\/div> \n\n\t<div style=\" color: #232323;\" class=\"vc_col-sm-3 wpb_column column_container vc_column_container col no-extra-padding inherit_tablet inherit_phone\" data-cfc=\"true\"  data-t-w-inherits=\"small_desktop\" data-padding-pos=\"all\" data-has-bg-color=\"false\" data-bg-color=\"\" data-bg-opacity=\"1\" data-animation=\"\" data-delay=\"0\" >\n\t\t<div class=\"vc_column-inner\" >\n\t\t\t<div class=\"wpb_wrapper\">\n\t\t\t\t<div id=\"fws_69e463b8edd3d\" data-midnight=\"\" data-column-margin=\"default\" class=\"wpb_row vc_row-fluid vc_row inner_row\"  style=\"\"><div class=\"row-bg-wrap\"> <div class=\"row-bg\" ><\/div> <\/div><div class=\"row_col_wrap_12_inner col span_12  left\">\n\t<div  class=\"vc_col-sm-12 wpb_column column_container vc_column_container col child_column padding-2-percent inherit_tablet padding-3-percent_phone\"   data-padding-pos=\"bottom\" data-has-bg-color=\"false\" data-bg-color=\"\" data-bg-opacity=\"1\" data-animation=\"\" data-delay=\"0\" >\n\t\t<div class=\"vc_column-inner\" >\n\t\t<div class=\"wpb_wrapper\">\n\t\t\t<div class=\"nectar-responsive-text nectar-link-underline-effect\"><p><strong>Esther Fern\u00e1ndez<\/strong><\/p>\n<\/div>\n\t\t<\/div> \n\t<\/div>\n\t<\/div> \n<\/div><\/div><div class=\"nectar-responsive-text font_line_height_1-2 nectar-link-underline-effect\"><p>Whatsapp: <a href=\"https:\/\/wa.me\/607662203\" target=\"_blank\" rel=\"noopener\">+34 607 662 203<\/a><br \/>\nesther@estherfdez.es<\/p>\n<\/div>\n\t\t\t<\/div> \n\t\t<\/div>\n\t<\/div> \n\n\t<div style=\" color: #232323;\" class=\"vc_col-sm-3 wpb_column column_container vc_column_container col no-extra-padding inherit_tablet inherit_phone\" data-cfc=\"true\"  data-t-w-inherits=\"small_desktop\" data-padding-pos=\"all\" data-has-bg-color=\"false\" data-bg-color=\"\" data-bg-opacity=\"1\" data-animation=\"\" data-delay=\"0\" >\n\t\t<div class=\"vc_column-inner\" >\n\t\t\t<div class=\"wpb_wrapper\">\n\t\t\t\t\n\t\t\t<\/div> \n\t\t<\/div>\n\t<\/div> \n\n\t<div style=\" color: #232323;\" class=\"vc_col-sm-3 wpb_column column_container vc_column_container col no-extra-padding inherit_tablet inherit_phone\" data-cfc=\"true\"  data-t-w-inherits=\"small_desktop\" data-padding-pos=\"all\" data-has-bg-color=\"false\" data-bg-color=\"\" data-bg-opacity=\"1\" data-animation=\"\" data-delay=\"0\" >\n\t\t<div class=\"vc_column-inner\" >\n\t\t\t<div class=\"wpb_wrapper\">\n\t\t\t\t\n\t\t\t<\/div> \n\t\t<\/div>\n\t<\/div> \n\n\t<div style=\" color: #232323;\" class=\"vc_col-sm-3 wpb_column column_container vc_column_container col padding-3-percent inherit_tablet inherit_phone\" data-cfc=\"true\"  data-t-w-inherits=\"small_desktop\" data-padding-pos=\"top\" data-has-bg-color=\"false\" data-bg-color=\"\" data-bg-opacity=\"1\" data-animation=\"\" data-delay=\"0\" >\n\t\t<div class=\"vc_column-inner\" >\n\t\t\t<div class=\"wpb_wrapper\">\n\t\t\t\t<div class=\"img-with-aniamtion-wrap right margin_top_phone_2pct margin_right_phone_30pct margin_left_tablet_-20pct margin_left_phone_0pct\" data-max-width=\"100%\" data-max-width-mobile=\"default\" data-shadow=\"none\" data-animation=\"none\"  style=\"margin-left: 20%;\">\n      <div class=\"inner\">\n        <div class=\"hover-wrap\"> \n          <div class=\"hover-wrap-inner\">\n            <img loading=\"lazy\" decoding=\"async\" class=\"img-with-animation skip-lazy\" data-delay=\"0\" height=\"304\" width=\"3186\" data-animation=\"none\" src=\"https:\/\/estherfdez.es\/wp-content\/uploads\/2023\/12\/logos-juntos-nuevo-negro.png\" alt=\"\" srcset=\"https:\/\/estherfdez.es\/wp-content\/uploads\/2023\/12\/logos-juntos-nuevo-negro.png 3186w, https:\/\/estherfdez.es\/wp-content\/uploads\/2023\/12\/logos-juntos-nuevo-negro-300x29.png 300w, https:\/\/estherfdez.es\/wp-content\/uploads\/2023\/12\/logos-juntos-nuevo-negro-1024x98.png 1024w, https:\/\/estherfdez.es\/wp-content\/uploads\/2023\/12\/logos-juntos-nuevo-negro-768x73.png 768w, https:\/\/estherfdez.es\/wp-content\/uploads\/2023\/12\/logos-juntos-nuevo-negro-1536x147.png 1536w, https:\/\/estherfdez.es\/wp-content\/uploads\/2023\/12\/logos-juntos-nuevo-negro-2048x195.png 2048w\" sizes=\"auto, (max-width: 3186px) 100vw, 3186px\" \/>\n          <\/div>\n        <\/div>\n      <\/div>\n    <\/div>\n\t\t\t<\/div> \n\t\t<\/div>\n\t<\/div> \n<\/div><\/div>\n\t\t<div id=\"fws_69e463b8ee901\"  data-column-margin=\"default\" data-midnight=\"dark\" data-bottom-percent=\"3%\"  class=\"wpb_row vc_row-fluid vc_row full-width-content vc_row-o-equal-height vc_row-flex vc_row-o-content-top  right_padding_6pct left_padding_6pct\"  style=\"padding-top: 0px; padding-bottom: calc(100vw * 0.03); \"><div class=\"row-bg-wrap\" data-bg-animation=\"none\" data-bg-animation-delay=\"\" data-bg-overlay=\"false\"><div class=\"inner-wrap row-bg-layer\" ><div class=\"row-bg viewport-desktop\"  style=\"\"><\/div><\/div><\/div><div class=\"row_col_wrap_12 col span_12 dark left\">\n\t<div style=\" color: #000000;margin-top: -3%; \" class=\"vc_col-sm-12 wpb_column column_container vc_column_container col neg-marg no-extra-padding force-desktop-text-align-left el_spacing_0px top_margin_tablet_0px inherit_tablet inherit_phone\" data-cfc=\"true\"  data-t-w-inherits=\"small_desktop\" data-padding-pos=\"all\" data-has-bg-color=\"false\" data-bg-color=\"\" data-bg-opacity=\"1\" data-animation=\"\" data-delay=\"0\" >\n\t\t<div class=\"vc_column-inner\" >\n\t\t\t<div class=\"wpb_wrapper\">\n\t\t\t\t<div id=\"fws_69e463b8eeb5c\" data-midnight=\"\" data-column-margin=\"default\" class=\"wpb_row vc_row-fluid vc_row inner_row vc_row-o-equal-height vc_row-flex vc_row-o-content-bottom\"  style=\"\"><div class=\"row-bg-wrap\"> <div class=\"row-bg\" ><\/div> <\/div><div class=\"row_col_wrap_12_inner col span_12  left\">\n\t<div  class=\"vc_col-sm-6 wpb_column column_container vc_column_container col child_column no-extra-padding column_element_direction_desktop_horizontal force-desktop-text-align-left column_element_direction_tablet_horizontal left_margin_-5px inherit_tablet inherit_phone\"    data-t-w-inherits=\"small_desktop\" data-padding-pos=\"left-right\" data-has-bg-color=\"false\" data-bg-color=\"\" data-bg-opacity=\"1\" data-animation=\"\" data-delay=\"0\" >\n\t\t<div class=\"vc_column-inner\" >\n\t\t<div class=\"wpb_wrapper\">\n\t\t\t<div class=\"nectar_icon_wrap\" data-style=\"default\" data-padding=\"5px\" data-color=\"accent-color\" style=\"\" >\n\t\t<div class=\"nectar_icon\" ><a href=\"https:\/\/www.facebook.com\/estherfdezmindfulness\/\" target=\"_blank\" rel=\"noopener\"><\/a><i style=\"font-size: 25px; line-height: 25px; height: 25px; width: 25px;\" class=\"fa fa-facebook-square\"><\/i><\/div>\n\t<\/div><div class=\"nectar_icon_wrap\" data-style=\"default\" data-padding=\"5px\" data-color=\"accent-color\" style=\"\" >\n\t\t<div class=\"nectar_icon\" ><a href=\"https:\/\/www.instagram.com\/_esther.fernandez_\/\" target=\"_blank\" rel=\"noopener\"><\/a><i style=\"font-size: 25px; line-height: 25px; height: 25px; width: 25px;\" class=\"fa fa-instagram\"><\/i><\/div>\n\t<\/div><div class=\"nectar_icon_wrap\" data-style=\"default\" data-padding=\"5px\" data-color=\"accent-color\" style=\"\" >\n\t\t<div class=\"nectar_icon\" ><a href=\"https:\/\/www.linkedin.com\/in\/estherfernandez-coaching-profesional-mindfulness-estr%C3%A9s\/\" target=\"_blank\" rel=\"noopener\"><\/a><i style=\"font-size: 25px; line-height: 25px; height: 25px; width: 25px;\" class=\"fa fa-linkedin-square\"><\/i><\/div>\n\t<\/div><div class=\"nectar_icon_wrap\" data-style=\"default\" data-padding=\"5px\" data-color=\"accent-color\" style=\"\" >\n\t\t<div class=\"nectar_icon\" ><a href=\"https:\/\/www.youtube.com\/@estherfernandez.mindfulness\" target=\"_blank\" rel=\"noopener\"><\/a><i style=\"font-size: 25px; line-height: 25px; height: 25px; width: 25px;\" class=\"fa fa-youtube-play\"><\/i><\/div>\n\t<\/div>\n\t\t<\/div> \n\t<\/div>\n\t<\/div> \n\n\t<div  class=\"vc_col-sm-6 wpb_column column_container vc_column_container col child_column no-extra-padding column_element_direction_desktop_horizontal force-desktop-text-align-right column_element_direction_tablet_horizontal column_element_direction_phone_horizontal force-phone-text-align-center inherit_tablet inherit_phone\"    data-t-w-inherits=\"small_desktop\" data-padding-pos=\"all\" data-has-bg-color=\"false\" data-bg-color=\"\" data-bg-opacity=\"1\" data-animation=\"\" data-delay=\"0\" >\n\t\t<div class=\"vc_column-inner\" >\n\t\t<div class=\"wpb_wrapper\">\n\t\t\t<div class=\"nectar-responsive-text font_size_desktop_-7rem nectar-link-underline-effect\"><a href=\"https:\/\/cristina.megamolona.com\/politica-de-privacidad\/\" target=\"_blank\" rel=\"noopener\"><p><a href=\"\/en\/politica-de-privacidad\/\">Privacidad \u00b7<\/a><\/p>\n<\/a><\/div><div class=\"nectar-responsive-text font_size_desktop_-7rem nectar-link-underline-effect\"><a href=\"https:\/\/cristina.megamolona.com\/politica-de-privacidad\/\" target=\"_blank\" rel=\"noopener\"><p><a href=\"\/en\/accesibilidad\/\">Accesibilidad \u00b7<\/a><\/p>\n<\/a><\/div><div class=\"nectar-responsive-text font_size_desktop_-7rem nectar-link-underline-effect\"><a href=\"https:\/\/cristina.megamolona.com\/politica-de-privacidad\/\" target=\"_blank\" rel=\"noopener\"><p><a href=\"\/en\/aviso-legal\/\">Aviso legal \u00b7<\/a><\/p>\n<\/a><\/div><div class=\"nectar-responsive-text font_size_desktop_-7rem nectar-link-underline-effect\"><a href=\"https:\/\/cristina.megamolona.com\/politica-de-privacidad\/\" target=\"_blank\" rel=\"noopener\"><p><a href=\"\/en\/politica-de-cookies\/\">Cookies<\/a><\/p>\n<\/a><\/div>\n\t\t<\/div> \n\t<\/div>\n\t<\/div> \n<\/div><\/div>\n\t\t\t<\/div> \n\t\t<\/div>\n\t<\/div> \n<\/div><\/div>\n\t\t<div id=\"fws_69e463b8ef610\"  data-column-margin=\"default\" data-midnight=\"dark\"  class=\"wpb_row vc_row-fluid vc_row full-width-content vc_row-o-equal-height vc_row-flex vc_row-o-content-top  right_padding_2pct left_padding_2pct\"  style=\"padding-top: 0px; padding-bottom: 0px; \"><div class=\"row-bg-wrap\" data-bg-animation=\"none\" data-bg-animation-delay=\"\" data-bg-overlay=\"false\"><div class=\"inner-wrap row-bg-layer\" ><div class=\"row-bg viewport-desktop using-bg-color\"  style=\"background-color: #ffcc3e; \"><\/div><\/div><\/div><div class=\"row_col_wrap_12 col span_12 dark left\">\n\t<div style=\" color: #000000;\" class=\"vc_col-sm-12 wpb_column column_container vc_column_container col no-extra-padding inherit_tablet inherit_phone\" data-cfc=\"true\"  data-padding-pos=\"all\" data-has-bg-color=\"false\" data-bg-color=\"\" data-bg-opacity=\"1\" data-animation=\"\" data-delay=\"0\" >\n\t\t<div class=\"vc_column-inner\" >\n\t\t\t<div class=\"wpb_wrapper\">\n\t\t\t\t<div id=\"fws_69e463b8ef862\" data-midnight=\"\" data-column-margin=\"default\" class=\"wpb_row vc_row-fluid vc_row inner_row\"  style=\"\"><div class=\"row-bg-wrap\"> <div class=\"row-bg\" ><\/div> <\/div><div class=\"row_col_wrap_12_inner col span_12  left\">\n\t<div  class=\"vc_col-sm-4 vc_col-xs-4 wpb_column column_container vc_column_container col child_column no-extra-padding inherit_tablet inherit_phone\"    data-t-w-inherits=\"small_desktop\" data-padding-pos=\"all\" data-has-bg-color=\"false\" data-bg-color=\"\" data-bg-opacity=\"1\" data-animation=\"\" data-delay=\"0\" >\n\t\t<div class=\"vc_column-inner\" >\n\t\t<div class=\"wpb_wrapper\">\n\t\t\t<div class=\"nectar-responsive-text font_size_desktop_1vw font_size_phone_1-5vw nectar-link-underline-effect\"><p>DESIGNED BY OUTSIDERS<\/p>\n<\/div>\n\t\t<\/div> \n\t<\/div>\n\t<\/div> \n\n\t<div  class=\"vc_col-sm-4 vc_col-xs-4 wpb_column column_container vc_column_container col child_column no-extra-padding inherit_tablet inherit_phone\"    data-t-w-inherits=\"small_desktop\" data-padding-pos=\"all\" data-has-bg-color=\"false\" data-bg-color=\"\" data-bg-opacity=\"1\" data-animation=\"\" data-delay=\"0\" >\n\t\t<div class=\"vc_column-inner\" >\n\t\t<div class=\"wpb_wrapper\">\n\t\t\t<div class=\"nectar-responsive-text font_size_desktop_1vw font_size_phone_1-5vw nectar-link-underline-effect\"><p style=\"text-align: center\">ESTHER FERN\u00c1NDEZ<\/p>\n<\/div>\n\t\t<\/div> \n\t<\/div>\n\t<\/div> \n\n\t<div  class=\"vc_col-sm-4 vc_col-xs-4 wpb_column column_container vc_column_container col child_column no-extra-padding inherit_tablet inherit_phone\"    data-t-w-inherits=\"small_desktop\" data-padding-pos=\"all\" data-has-bg-color=\"false\" data-bg-color=\"\" data-bg-opacity=\"1\" data-animation=\"\" data-delay=\"0\" >\n\t\t<div class=\"vc_column-inner\" >\n\t\t<div class=\"wpb_wrapper\">\n\t\t\t<div class=\"nectar-responsive-text font_size_desktop_1vw font_size_phone_1-5vw nectar-link-underline-effect\"><p style=\"text-align: right\"><span class=\"nectar-current-year\">2026<\/span><\/p>\n<\/div>\n\t\t<\/div> \n\t<\/div>\n\t<\/div> \n<\/div><\/div>\n\t\t\t<\/div> \n\t\t<\/div>\n\t<\/div> \n<\/div><\/div>\n<style type=\"text\/css\" data-type=\"vc_custom-css\">a{\r\n    background-color:none!important;\r\n    text-decoration:none!important\r\n}\r\n.nectar-link-underline-effect a {\r\n    background-size:0px!important;\r\n}<\/style>\n\t\t\t<\/div> \n\t\t<\/div>\n\t<\/div> \n<\/div><\/div>","protected":false},"excerpt":{"rendered":"Pol\u00edtica de privacidad &nbsp; \u00bfQUI\u00c9N ES EL RESPONSABLE DEL TRATAMIENTO? Identidad del responsable: Esther Fern\u00e1ndez Rabanedo \u2013 NIF 53050176D Direcci\u00f3n f\u00edsica: Avda. Rey Don Jaime, 3-4, Pta. 8 | 46137...","protected":false},"author":1,"featured_media":0,"parent":0,"menu_order":0,"comment_status":"closed","ping_status":"closed","template":"","meta":{"footnotes":""},"class_list":["post-98","page","type-page","status-publish"],"_links":{"self":[{"href":"https:\/\/estherfdez.es\/en\/wp-json\/wp\/v2\/pages\/98","targetHints":{"allow":["GET"]}}],"collection":[{"href":"https:\/\/estherfdez.es\/en\/wp-json\/wp\/v2\/pages"}],"about":[{"href":"https:\/\/estherfdez.es\/en\/wp-json\/wp\/v2\/types\/page"}],"author":[{"embeddable":true,"href":"https:\/\/estherfdez.es\/en\/wp-json\/wp\/v2\/users\/1"}],"replies":[{"embeddable":true,"href":"https:\/\/estherfdez.es\/en\/wp-json\/wp\/v2\/comments?post=98"}],"version-history":[{"count":3,"href":"https:\/\/estherfdez.es\/en\/wp-json\/wp\/v2\/pages\/98\/revisions"}],"predecessor-version":[{"id":1314,"href":"https:\/\/estherfdez.es\/en\/wp-json\/wp\/v2\/pages\/98\/revisions\/1314"}],"wp:attachment":[{"href":"https:\/\/estherfdez.es\/en\/wp-json\/wp\/v2\/media?parent=98"}],"curies":[{"name":"wp","href":"https:\/\/api.w.org\/{rel}","templated":true}]}}