{"id":92,"date":"2023-12-27T11:16:26","date_gmt":"2023-12-27T11:16:26","guid":{"rendered":"https:\/\/estherfdez.es\/?page_id=92"},"modified":"2024-03-12T09:00:50","modified_gmt":"2024-03-12T09:00:50","slug":"aviso-legal","status":"publish","type":"page","link":"https:\/\/estherfdez.es\/en\/aviso-legal\/","title":{"rendered":"Aviso legal"},"content":{"rendered":"<div id=\"fws_69e44cdb83b5d\"  data-column-margin=\"default\" data-midnight=\"dark\" data-top-percent=\"10%\"  class=\"wpb_row vc_row-fluid vc_row\"  style=\"padding-top: calc(100vw * 0.10); padding-bottom: 0px; \"><div class=\"row-bg-wrap\" data-bg-animation=\"none\" data-bg-animation-delay=\"\" data-bg-overlay=\"false\"><div class=\"inner-wrap row-bg-layer\" ><div class=\"row-bg viewport-desktop\"  style=\"\"><\/div><\/div><\/div><div class=\"row_col_wrap_12 col span_12 dark left\">\n\t<div  class=\"vc_col-sm-12 wpb_column column_container vc_column_container col no-extra-padding inherit_tablet inherit_phone\"  data-padding-pos=\"all\" data-has-bg-color=\"false\" data-bg-color=\"\" data-bg-opacity=\"1\" data-animation=\"\" data-delay=\"0\" >\n\t\t<div class=\"vc_column-inner\" >\n\t\t\t<div class=\"wpb_wrapper\">\n\t\t\t\t\n<div class=\"wpb_text_column wpb_content_element\" >\n\t<div class=\"wpb_wrapper\">\n\t\t<div id=\"content\" class=\"content-area\" role=\"main\">\n<div id=\"row-1585906409\" class=\"row\">\n<div id=\"col-1291261929\" class=\"col small-12 large-12\">\n<div class=\"col-inner\">\n<h1 style=\"text-align: center;\" data-text-color=\"primary\">Aviso legal<\/h1>\n<p><strong>DATOS IDENTIFICATIVOS (Ley 34\/2002, de 11 de julio, de servicios de la sociedad de la informaci\u00f3n y de comercio electr\u00f3nico)<\/strong><\/p>\n<ul>\n<li>Nombre: Esther Fern\u00e1ndez Rabanedo<\/li>\n<li>NIF: 53050176D<\/li>\n<li>Domicilio: Avda. Rey Don Jaime, 3-4, Pta. 8 | 46137 Playa Puebla de Farnals (Valencia)<\/li>\n<li>Correo electr\u00f3nico: esther@estherfdez.es<\/li>\n<li>Tel\u00e9fono: 607 66 22 03<\/li>\n<\/ul>\n<p><strong>USO DE LA WEB<\/strong><\/p>\n<p>LA EMPRESA proporciona el acceso a multitud de informaciones y servicios pertenecientes a LA EMPRESA qui\u00e9n asume la responsabilidad del uso de la web. Dicha responsabilidad se extiende a los registros que fuese necesario para acceder a determinados servicios o contenidos. En dichos registros el usuario ser\u00e1 responsable de aportar informaci\u00f3n veraz y l\u00edcita. El usuario se compromete a hacer un uso adecuado de los contenidos y servicios que LA EMPRESA ofrece a trav\u00e9s de su web. LA EMPRESA se reserva el derecho de retirar todos aquellos comentarios y aportaciones que vulneren el respeto a la dignidad de la persona, que sean discriminatorios, xen\u00f3fobos, racistas, pornogr\u00e1ficos, que atenten contra la juventud o la infancia, el orden o la seguridad p\u00fablica o que, a su juicio, no resultaran adecuados para su publicaci\u00f3n por no estar relacionados con el objetivo. En cualquier caso, LA EMPRESA como administrador de su web, actuar\u00e1 diligentemente nada m\u00e1s tenga conocimiento de actos cometidos en contra de las presentes Condiciones de Uso o de su Pol\u00edtica de Privacidad:<\/p>\n<p><strong>POL\u00cdTICA DE ENLACES<\/strong><\/p>\n<p>Los sitios web enlazados no est\u00e1n controlados por LA EMPRESA y por ello no se hace responsable de los contenidos de ning\u00fan sitio enlazado ni de ning\u00fan enlace que se encuentre en cualquier sitio web enlazado, ni de ning\u00fan cambio o actualizaci\u00f3n de tales sitios web. LA EMPRESA s\u00f3lo le est\u00e1 proporcionando estos enlaces a usted para su comodidad, y la inclusi\u00f3n de cualquier enlace no implica la aprobaci\u00f3n del sitio web por LA EMPRESA.<\/p>\n<p><strong>DERECHOS DE PROPIEDAD INTELECTUAL<\/strong><\/p>\n<p>LA EMPRESA por s\u00ed o como cesionaria, es titular de todos los derechos de propiedad intelectual e industrial de su p\u00e1gina web, as\u00ed como de los elementos contenidos en la misma (a t\u00edtulo enunciativo, im\u00e1genes, sonido, audio, v\u00eddeo, software o textos; marcas o logotipos, combinaciones de colores, estructura y dise\u00f1o, selecci\u00f3n de materiales usados, programas de ordenador necesarios para su funcionamiento, acceso y uso, etc.). Todos los derechos reservados. En virtud de lo dispuesto en los art\u00edculos 8 y 32.1, p\u00e1rrafo segundo, del Real Decreto Legislativo 1\/1996, de 12 de abril, por el que se aprueba el texto refundido de la Ley de Propiedad Intelectual, regularizando, aclarando y armonizando las disposiciones legales vigentes sobre la materia, quedan expresamente prohibidas la reproducci\u00f3n, la distribuci\u00f3n y la comunicaci\u00f3n p\u00fablica, incluida su modalidad de puesta a disposici\u00f3n, de la totalidad o parte de los contenidos de esta p\u00e1gina web, con fines comerciales, en cualquier soporte y por cualquier medio t\u00e9cnico, sin la autorizaci\u00f3n de LA EMPRESA. El usuario se compromete a respetar los derechos de Propiedad Intelectual e Industrial titularidad de su titularidad.<\/p>\n<p>Todos los contenidos publicados en el sitio web y especialmente los dise\u00f1os, textos, im\u00e1genes, v\u00eddeos, gr\u00e1ficos, logos, iconos, botones, as\u00ed como los nombres comerciales, las marcas o dibujos y cualquier otro signo susceptible de utilizaci\u00f3n industrial y comercial est\u00e1n sujetos a derechos de propiedad intelectual e industrial de LA EMPRESA. En ning\u00fan caso se entender\u00e1 que se concede licencia alguna o se efect\u00faa renuncia, transmisi\u00f3n, cesi\u00f3n total o parcial de dichos derechos ni se confiere ning\u00fan derecho ni expectativa de derecho, y en especial, de alteraci\u00f3n, explotaci\u00f3n, reproducci\u00f3n, distribuci\u00f3n o comunicaci\u00f3n p\u00fablica sobre dichos contenidos sin la previa autorizaci\u00f3n expresa de LA EMPRESA.<\/p>\n<p><strong>LIMITACI\u00d3N DE RESPONSABILIDADES<\/strong><\/p>\n<p>LA EMPRESA responder\u00e1 de los da\u00f1os y perjuicios que el usuario pueda sufrir como consecuencia de la utilizaci\u00f3n del sitio web cuando dichos da\u00f1os sean directamente imputables a una actuaci\u00f3n incorrecta de esta entidad, habiendo probado que no ha cumplido las exigencias y requisitos legales y reglamentariamente establecidos. Es responsabilidad del usuario adoptar todas las medidas t\u00e9cnicas adecuadas para controlar razonablemente los riesgos de la navegaci\u00f3n abierta por Internet y evitar da\u00f1os en sus equipos, p\u00e9rdida de datos y robo de informaci\u00f3n confidencial. LA EMPRESA no se hace responsable de los perjuicios que se pudieran derivar de interferencias, omisiones, interrupciones, virus inform\u00e1ticos, aver\u00edas y\/o desconexiones en el funcionamiento operativo de este sitio web o en los aparatos y equipos inform\u00e1ticos de los usuarios, motivadas por causas ajenas a LA EMPRESA, que impidan o retrasen la prestaci\u00f3n de los servicios o la navegaci\u00f3n por el sitio web, ni de los retrasos o bloqueos en el uso causados por deficiencias o sobrecargas de Internet o en otros sistemas, ni de la imposibilidad de dar el servicio o permitir el acceso por causas no imputables a LA EMPRESA debidas al usuario, a terceros, o a supuestos de fuerza mayor. LA EMPRESA no ser\u00e1 responsable si no tiene conocimiento efectivo de que la actividad o la informaci\u00f3n a la que remite o recomienda a trav\u00e9s de sus enlaces es il\u00edcita o de que lesiona bienes o derechos de un tercero susceptibles de indemnizaci\u00f3n, o si lo tiene, act\u00faa con diligencia para suprimir o inutilizar el enlace o la informaci\u00f3n correspondiente.<\/p>\n<p><strong>SEGURIDAD DE LA WEB<\/strong><\/p>\n<p>La web utiliza t\u00e9cnicas de seguridad de la informaci\u00f3n com\u00fanmente aceptadas en la industria, tales como firewalls, procedimientos de control de acceso, comunicaciones seguras o mecanismos criptogr\u00e1ficos, entre otros, todo ello con el objeto de prevenir y reducir los incidentes de seguridad sobre los datos (confidencialidad, integridad y disponibilidad). Para lograr estos fines, el usuario acepta que el prestador obtenga datos para efectos de la correspondiente autenticaci\u00f3n de los controles de acceso y la prestaci\u00f3n de los servicios que deben ejecutarse para el uso de la web.<\/p>\n<p>La seguridad online tambi\u00e9n se establece a trav\u00e9s de los par\u00e1metros de configuraci\u00f3n de los diferentes navegadores web, por lo que se recomienda encarecidamente su consulta.<\/p>\n<p><strong>JURISDICCI\u00d3N Y LEYES APLICABLES<\/strong><\/p>\n<p>La ley aplicable a las presentes condiciones ser\u00e1 la Ley Espa\u00f1ola. Para las controversias que pudieren surgir con ocasi\u00f3n de las presentes condiciones, las partes, con renuncia de su fuero propio, se someten expresamente a los Juzgados y Tribunales del domicilio que se indica en los DATOS IDENTIFICATIVOS.<\/p>\n<p><strong>MODIFICACI\u00d3N DE LAS CONDICIONES DE USO<\/strong><\/p>\n<p>Eventualmente, estas Condiciones de Uso pueden ser revisadas con el fin de actualizar los cambios en la legislaci\u00f3n vigente, actualizar nuestros procedimientos de recogida y uso de la informaci\u00f3n, la aparici\u00f3n de nuevos servicios o la exclusi\u00f3n de otros. Estos cambios ser\u00e1n vigentes a partir de su publicaci\u00f3n en la web, por lo que es importante que revises regularmente estas Condiciones de Uso con el fin de permanecer informado sobre los cambios habidos.<\/p>\n<\/div>\n<\/div>\n<\/div>\n<\/div>\n<p>&nbsp;<\/p>\n<footer id=\"footer\" class=\"footer-wrapper\">\n<div id=\"row-1185729861\" class=\"row\">\n<div id=\"col-928546956\" class=\"col small-12 large-12\">\n<div class=\"col-inner\"><\/div>\n<\/div>\n<\/div>\n<\/footer>\n\t<\/div>\n<\/div>\n\n\n\n\n\t\t\t<\/div> \n\t\t<\/div>\n\t<\/div> \n<\/div><\/div>\n\t\t<div id=\"fws_69e44cdb840cc\"  data-column-margin=\"default\" data-midnight=\"dark\"  class=\"wpb_row vc_row-fluid vc_row\"  style=\"padding-top: 0px; padding-bottom: 0px; \"><div class=\"row-bg-wrap\" data-bg-animation=\"none\" data-bg-animation-delay=\"\" data-bg-overlay=\"false\"><div class=\"inner-wrap row-bg-layer\" ><div class=\"row-bg viewport-desktop\"  style=\"\"><\/div><\/div><\/div><div class=\"row_col_wrap_12 col span_12 dark left\">\n\t<div  class=\"vc_col-sm-12 wpb_column column_container vc_column_container col no-extra-padding inherit_tablet inherit_phone\"  data-padding-pos=\"all\" data-has-bg-color=\"false\" data-bg-color=\"\" data-bg-opacity=\"1\" data-animation=\"\" data-delay=\"0\" >\n\t\t<div class=\"vc_column-inner\" >\n\t\t\t<div class=\"wpb_wrapper\">\n\t\t\t\t\n\t\t<div id=\"fws_69e44cdb844f0\"  data-column-margin=\"default\" data-midnight=\"dark\" data-bottom-percent=\"4%\"  class=\"wpb_row vc_row-fluid vc_row full-width-content vc_row-o-equal-height vc_row-flex vc_row-o-content-bottom  right_padding_6pct left_padding_6pct\"  style=\"padding-top: 0px; padding-bottom: calc(100vw * 0.04); \"><div class=\"row-bg-wrap\" data-bg-animation=\"none\" data-bg-animation-delay=\"\" data-bg-overlay=\"false\"><div class=\"inner-wrap row-bg-layer\" ><div class=\"row-bg viewport-desktop\"  style=\"\"><\/div><\/div><\/div><div class=\"row_col_wrap_12 col span_12 dark left\">\n\t<div  class=\"vc_col-sm-12 wpb_column column_container vc_column_container col padding-4-percent inherit_tablet inherit_phone border_top_desktop_5px border_color_ffcc3e border_style_solid\"  data-padding-pos=\"bottom\" data-has-bg-color=\"false\" data-bg-color=\"\" data-bg-opacity=\"1\" data-animation=\"\" data-delay=\"0\" >\n\t\t<div class=\"vc_column-inner\" >\n\t\t\t<div class=\"wpb_wrapper\">\n\t\t\t\t<div class=\"divider-wrap\" data-alignment=\"default\"><div style=\"margin-top: 5px; height: 1px; margin-bottom: 5px;\" data-width=\"100%\" data-animate=\"yes\" data-animation-delay=\"\" data-color=\"extra-color-1\" class=\"divider-border\"><\/div><\/div>\n\t\t\t<\/div> \n\t\t<\/div>\n\t<\/div> \n\n\t<div style=\" color: #232323;\" class=\"vc_col-sm-3 wpb_column column_container vc_column_container col no-extra-padding inherit_tablet inherit_phone\" data-cfc=\"true\"  data-t-w-inherits=\"small_desktop\" data-padding-pos=\"all\" data-has-bg-color=\"false\" data-bg-color=\"\" data-bg-opacity=\"1\" data-animation=\"\" data-delay=\"0\" >\n\t\t<div class=\"vc_column-inner\" >\n\t\t\t<div class=\"wpb_wrapper\">\n\t\t\t\t<div id=\"fws_69e44cdb84b60\" data-midnight=\"\" data-column-margin=\"default\" class=\"wpb_row vc_row-fluid vc_row inner_row\"  style=\"\"><div class=\"row-bg-wrap\"> <div class=\"row-bg\" ><\/div> <\/div><div class=\"row_col_wrap_12_inner col span_12  left\">\n\t<div  class=\"vc_col-sm-12 wpb_column column_container vc_column_container col child_column padding-2-percent inherit_tablet padding-3-percent_phone\"   data-padding-pos=\"bottom\" data-has-bg-color=\"false\" data-bg-color=\"\" data-bg-opacity=\"1\" data-animation=\"\" data-delay=\"0\" >\n\t\t<div class=\"vc_column-inner\" >\n\t\t<div class=\"wpb_wrapper\">\n\t\t\t<div class=\"nectar-responsive-text nectar-link-underline-effect\"><p><strong>Esther Fern\u00e1ndez<\/strong><\/p>\n<\/div>\n\t\t<\/div> \n\t<\/div>\n\t<\/div> \n<\/div><\/div><div class=\"nectar-responsive-text font_line_height_1-2 nectar-link-underline-effect\"><p>Whatsapp: <a href=\"https:\/\/wa.me\/607662203\" target=\"_blank\" rel=\"noopener\">+34 607 662 203<\/a><br \/>\nesther@estherfdez.es<\/p>\n<\/div>\n\t\t\t<\/div> \n\t\t<\/div>\n\t<\/div> \n\n\t<div style=\" color: #232323;\" class=\"vc_col-sm-3 wpb_column column_container vc_column_container col no-extra-padding inherit_tablet inherit_phone\" data-cfc=\"true\"  data-t-w-inherits=\"small_desktop\" data-padding-pos=\"all\" data-has-bg-color=\"false\" data-bg-color=\"\" data-bg-opacity=\"1\" data-animation=\"\" data-delay=\"0\" >\n\t\t<div class=\"vc_column-inner\" >\n\t\t\t<div class=\"wpb_wrapper\">\n\t\t\t\t\n\t\t\t<\/div> \n\t\t<\/div>\n\t<\/div> \n\n\t<div style=\" color: #232323;\" class=\"vc_col-sm-3 wpb_column column_container vc_column_container col no-extra-padding inherit_tablet inherit_phone\" data-cfc=\"true\"  data-t-w-inherits=\"small_desktop\" data-padding-pos=\"all\" data-has-bg-color=\"false\" data-bg-color=\"\" data-bg-opacity=\"1\" data-animation=\"\" data-delay=\"0\" >\n\t\t<div class=\"vc_column-inner\" >\n\t\t\t<div class=\"wpb_wrapper\">\n\t\t\t\t\n\t\t\t<\/div> \n\t\t<\/div>\n\t<\/div> \n\n\t<div style=\" color: #232323;\" class=\"vc_col-sm-3 wpb_column column_container vc_column_container col padding-3-percent inherit_tablet inherit_phone\" data-cfc=\"true\"  data-t-w-inherits=\"small_desktop\" data-padding-pos=\"top\" data-has-bg-color=\"false\" data-bg-color=\"\" data-bg-opacity=\"1\" data-animation=\"\" data-delay=\"0\" >\n\t\t<div class=\"vc_column-inner\" >\n\t\t\t<div class=\"wpb_wrapper\">\n\t\t\t\t<div class=\"img-with-aniamtion-wrap right margin_top_phone_2pct margin_right_phone_30pct margin_left_tablet_-20pct margin_left_phone_0pct\" data-max-width=\"100%\" data-max-width-mobile=\"default\" data-shadow=\"none\" data-animation=\"none\"  style=\"margin-left: 20%;\">\n      <div class=\"inner\">\n        <div class=\"hover-wrap\"> \n          <div class=\"hover-wrap-inner\">\n            <img loading=\"lazy\" decoding=\"async\" class=\"img-with-animation skip-lazy\" data-delay=\"0\" height=\"304\" width=\"3186\" data-animation=\"none\" src=\"https:\/\/estherfdez.es\/wp-content\/uploads\/2023\/12\/logos-juntos-nuevo-negro.png\" alt=\"\" srcset=\"https:\/\/estherfdez.es\/wp-content\/uploads\/2023\/12\/logos-juntos-nuevo-negro.png 3186w, https:\/\/estherfdez.es\/wp-content\/uploads\/2023\/12\/logos-juntos-nuevo-negro-300x29.png 300w, https:\/\/estherfdez.es\/wp-content\/uploads\/2023\/12\/logos-juntos-nuevo-negro-1024x98.png 1024w, https:\/\/estherfdez.es\/wp-content\/uploads\/2023\/12\/logos-juntos-nuevo-negro-768x73.png 768w, https:\/\/estherfdez.es\/wp-content\/uploads\/2023\/12\/logos-juntos-nuevo-negro-1536x147.png 1536w, https:\/\/estherfdez.es\/wp-content\/uploads\/2023\/12\/logos-juntos-nuevo-negro-2048x195.png 2048w\" sizes=\"auto, (max-width: 3186px) 100vw, 3186px\" \/>\n          <\/div>\n        <\/div>\n      <\/div>\n    <\/div>\n\t\t\t<\/div> \n\t\t<\/div>\n\t<\/div> \n<\/div><\/div>\n\t\t<div id=\"fws_69e44cdb85954\"  data-column-margin=\"default\" data-midnight=\"dark\" data-bottom-percent=\"3%\"  class=\"wpb_row vc_row-fluid vc_row full-width-content vc_row-o-equal-height vc_row-flex vc_row-o-content-top  right_padding_6pct left_padding_6pct\"  style=\"padding-top: 0px; padding-bottom: calc(100vw * 0.03); \"><div class=\"row-bg-wrap\" data-bg-animation=\"none\" data-bg-animation-delay=\"\" data-bg-overlay=\"false\"><div class=\"inner-wrap row-bg-layer\" ><div class=\"row-bg viewport-desktop\"  style=\"\"><\/div><\/div><\/div><div class=\"row_col_wrap_12 col span_12 dark left\">\n\t<div style=\" color: #000000;margin-top: -3%; \" class=\"vc_col-sm-12 wpb_column column_container vc_column_container col neg-marg no-extra-padding force-desktop-text-align-left el_spacing_0px top_margin_tablet_0px inherit_tablet inherit_phone\" data-cfc=\"true\"  data-t-w-inherits=\"small_desktop\" data-padding-pos=\"all\" data-has-bg-color=\"false\" data-bg-color=\"\" data-bg-opacity=\"1\" data-animation=\"\" data-delay=\"0\" >\n\t\t<div class=\"vc_column-inner\" >\n\t\t\t<div class=\"wpb_wrapper\">\n\t\t\t\t<div id=\"fws_69e44cdb85b6e\" data-midnight=\"\" data-column-margin=\"default\" class=\"wpb_row vc_row-fluid vc_row inner_row vc_row-o-equal-height vc_row-flex vc_row-o-content-bottom\"  style=\"\"><div class=\"row-bg-wrap\"> <div class=\"row-bg\" ><\/div> <\/div><div class=\"row_col_wrap_12_inner col span_12  left\">\n\t<div  class=\"vc_col-sm-6 wpb_column column_container vc_column_container col child_column no-extra-padding column_element_direction_desktop_horizontal force-desktop-text-align-left column_element_direction_tablet_horizontal left_margin_-5px inherit_tablet inherit_phone\"    data-t-w-inherits=\"small_desktop\" data-padding-pos=\"left-right\" data-has-bg-color=\"false\" data-bg-color=\"\" data-bg-opacity=\"1\" data-animation=\"\" data-delay=\"0\" >\n\t\t<div class=\"vc_column-inner\" >\n\t\t<div class=\"wpb_wrapper\">\n\t\t\t<div class=\"nectar_icon_wrap\" data-style=\"default\" data-padding=\"5px\" data-color=\"accent-color\" style=\"\" >\n\t\t<div class=\"nectar_icon\" ><a href=\"https:\/\/www.facebook.com\/estherfdezmindfulness\/\" target=\"_blank\" rel=\"noopener\"><\/a><i style=\"font-size: 25px; line-height: 25px; height: 25px; width: 25px;\" class=\"fa fa-facebook-square\"><\/i><\/div>\n\t<\/div><div class=\"nectar_icon_wrap\" data-style=\"default\" data-padding=\"5px\" data-color=\"accent-color\" style=\"\" >\n\t\t<div class=\"nectar_icon\" ><a href=\"https:\/\/www.instagram.com\/_esther.fernandez_\/\" target=\"_blank\" rel=\"noopener\"><\/a><i style=\"font-size: 25px; line-height: 25px; height: 25px; width: 25px;\" class=\"fa fa-instagram\"><\/i><\/div>\n\t<\/div><div class=\"nectar_icon_wrap\" data-style=\"default\" data-padding=\"5px\" data-color=\"accent-color\" style=\"\" >\n\t\t<div class=\"nectar_icon\" ><a href=\"https:\/\/www.linkedin.com\/in\/estherfernandez-coaching-profesional-mindfulness-estr%C3%A9s\/\" target=\"_blank\" rel=\"noopener\"><\/a><i style=\"font-size: 25px; line-height: 25px; height: 25px; width: 25px;\" class=\"fa fa-linkedin-square\"><\/i><\/div>\n\t<\/div><div class=\"nectar_icon_wrap\" data-style=\"default\" data-padding=\"5px\" data-color=\"accent-color\" style=\"\" >\n\t\t<div class=\"nectar_icon\" ><a href=\"https:\/\/www.youtube.com\/@estherfernandez.mindfulness\" target=\"_blank\" rel=\"noopener\"><\/a><i style=\"font-size: 25px; line-height: 25px; height: 25px; width: 25px;\" class=\"fa fa-youtube-play\"><\/i><\/div>\n\t<\/div>\n\t\t<\/div> \n\t<\/div>\n\t<\/div> \n\n\t<div  class=\"vc_col-sm-6 wpb_column column_container vc_column_container col child_column no-extra-padding column_element_direction_desktop_horizontal force-desktop-text-align-right column_element_direction_tablet_horizontal column_element_direction_phone_horizontal force-phone-text-align-center inherit_tablet inherit_phone\"    data-t-w-inherits=\"small_desktop\" data-padding-pos=\"all\" data-has-bg-color=\"false\" data-bg-color=\"\" data-bg-opacity=\"1\" data-animation=\"\" data-delay=\"0\" >\n\t\t<div class=\"vc_column-inner\" >\n\t\t<div class=\"wpb_wrapper\">\n\t\t\t<div class=\"nectar-responsive-text font_size_desktop_-7rem nectar-link-underline-effect\"><a href=\"https:\/\/cristina.megamolona.com\/politica-de-privacidad\/\" target=\"_blank\" rel=\"noopener\"><p><a href=\"\/en\/politica-de-privacidad\/\">Privacidad \u00b7<\/a><\/p>\n<\/a><\/div><div class=\"nectar-responsive-text font_size_desktop_-7rem nectar-link-underline-effect\"><a href=\"https:\/\/cristina.megamolona.com\/politica-de-privacidad\/\" target=\"_blank\" rel=\"noopener\"><p><a href=\"\/en\/accesibilidad\/\">Accesibilidad \u00b7<\/a><\/p>\n<\/a><\/div><div class=\"nectar-responsive-text font_size_desktop_-7rem nectar-link-underline-effect\"><a href=\"https:\/\/cristina.megamolona.com\/politica-de-privacidad\/\" target=\"_blank\" rel=\"noopener\"><p><a href=\"\/en\/aviso-legal\/\">Aviso legal \u00b7<\/a><\/p>\n<\/a><\/div><div class=\"nectar-responsive-text font_size_desktop_-7rem nectar-link-underline-effect\"><a href=\"https:\/\/cristina.megamolona.com\/politica-de-privacidad\/\" target=\"_blank\" rel=\"noopener\"><p><a href=\"\/en\/politica-de-cookies\/\">Cookies<\/a><\/p>\n<\/a><\/div>\n\t\t<\/div> \n\t<\/div>\n\t<\/div> \n<\/div><\/div>\n\t\t\t<\/div> \n\t\t<\/div>\n\t<\/div> \n<\/div><\/div>\n\t\t<div id=\"fws_69e44cdb865c8\"  data-column-margin=\"default\" data-midnight=\"dark\"  class=\"wpb_row vc_row-fluid vc_row full-width-content vc_row-o-equal-height vc_row-flex vc_row-o-content-top  right_padding_2pct left_padding_2pct\"  style=\"padding-top: 0px; padding-bottom: 0px; \"><div class=\"row-bg-wrap\" data-bg-animation=\"none\" data-bg-animation-delay=\"\" data-bg-overlay=\"false\"><div class=\"inner-wrap row-bg-layer\" ><div class=\"row-bg viewport-desktop using-bg-color\"  style=\"background-color: #ffcc3e; \"><\/div><\/div><\/div><div class=\"row_col_wrap_12 col span_12 dark left\">\n\t<div style=\" color: #000000;\" class=\"vc_col-sm-12 wpb_column column_container vc_column_container col no-extra-padding inherit_tablet inherit_phone\" data-cfc=\"true\"  data-padding-pos=\"all\" data-has-bg-color=\"false\" data-bg-color=\"\" data-bg-opacity=\"1\" data-animation=\"\" data-delay=\"0\" >\n\t\t<div class=\"vc_column-inner\" >\n\t\t\t<div class=\"wpb_wrapper\">\n\t\t\t\t<div id=\"fws_69e44cdb867c2\" data-midnight=\"\" data-column-margin=\"default\" class=\"wpb_row vc_row-fluid vc_row inner_row\"  style=\"\"><div class=\"row-bg-wrap\"> <div class=\"row-bg\" ><\/div> <\/div><div class=\"row_col_wrap_12_inner col span_12  left\">\n\t<div  class=\"vc_col-sm-4 vc_col-xs-4 wpb_column column_container vc_column_container col child_column no-extra-padding inherit_tablet inherit_phone\"    data-t-w-inherits=\"small_desktop\" data-padding-pos=\"all\" data-has-bg-color=\"false\" data-bg-color=\"\" data-bg-opacity=\"1\" data-animation=\"\" data-delay=\"0\" >\n\t\t<div class=\"vc_column-inner\" >\n\t\t<div class=\"wpb_wrapper\">\n\t\t\t<div class=\"nectar-responsive-text font_size_desktop_1vw font_size_phone_1-5vw nectar-link-underline-effect\"><p>DESIGNED BY OUTSIDERS<\/p>\n<\/div>\n\t\t<\/div> \n\t<\/div>\n\t<\/div> \n\n\t<div  class=\"vc_col-sm-4 vc_col-xs-4 wpb_column column_container vc_column_container col child_column no-extra-padding inherit_tablet inherit_phone\"    data-t-w-inherits=\"small_desktop\" data-padding-pos=\"all\" data-has-bg-color=\"false\" data-bg-color=\"\" data-bg-opacity=\"1\" data-animation=\"\" data-delay=\"0\" >\n\t\t<div class=\"vc_column-inner\" >\n\t\t<div class=\"wpb_wrapper\">\n\t\t\t<div class=\"nectar-responsive-text font_size_desktop_1vw font_size_phone_1-5vw nectar-link-underline-effect\"><p style=\"text-align: center\">ESTHER FERN\u00c1NDEZ<\/p>\n<\/div>\n\t\t<\/div> \n\t<\/div>\n\t<\/div> \n\n\t<div  class=\"vc_col-sm-4 vc_col-xs-4 wpb_column column_container vc_column_container col child_column no-extra-padding inherit_tablet inherit_phone\"    data-t-w-inherits=\"small_desktop\" data-padding-pos=\"all\" data-has-bg-color=\"false\" data-bg-color=\"\" data-bg-opacity=\"1\" data-animation=\"\" data-delay=\"0\" >\n\t\t<div class=\"vc_column-inner\" >\n\t\t<div class=\"wpb_wrapper\">\n\t\t\t<div class=\"nectar-responsive-text font_size_desktop_1vw font_size_phone_1-5vw nectar-link-underline-effect\"><p style=\"text-align: right\"><span class=\"nectar-current-year\">2026<\/span><\/p>\n<\/div>\n\t\t<\/div> \n\t<\/div>\n\t<\/div> \n<\/div><\/div>\n\t\t\t<\/div> \n\t\t<\/div>\n\t<\/div> \n<\/div><\/div>\n<style type=\"text\/css\" data-type=\"vc_custom-css\">a{\r\n    background-color:none!important;\r\n    text-decoration:none!important\r\n}\r\n.nectar-link-underline-effect a {\r\n    background-size:0px!important;\r\n}<\/style>\n\t\t\t<\/div> \n\t\t<\/div>\n\t<\/div> \n<\/div><\/div>","protected":false},"excerpt":{"rendered":"Aviso legal DATOS IDENTIFICATIVOS (Ley 34\/2002, de 11 de julio, de servicios de la sociedad de la informaci\u00f3n y de comercio electr\u00f3nico) Nombre: Esther Fern\u00e1ndez Rabanedo NIF: 53050176D Domicilio: Avda....","protected":false},"author":1,"featured_media":0,"parent":0,"menu_order":0,"comment_status":"closed","ping_status":"closed","template":"","meta":{"footnotes":""},"class_list":["post-92","page","type-page","status-publish"],"_links":{"self":[{"href":"https:\/\/estherfdez.es\/en\/wp-json\/wp\/v2\/pages\/92","targetHints":{"allow":["GET"]}}],"collection":[{"href":"https:\/\/estherfdez.es\/en\/wp-json\/wp\/v2\/pages"}],"about":[{"href":"https:\/\/estherfdez.es\/en\/wp-json\/wp\/v2\/types\/page"}],"author":[{"embeddable":true,"href":"https:\/\/estherfdez.es\/en\/wp-json\/wp\/v2\/users\/1"}],"replies":[{"embeddable":true,"href":"https:\/\/estherfdez.es\/en\/wp-json\/wp\/v2\/comments?post=92"}],"version-history":[{"count":4,"href":"https:\/\/estherfdez.es\/en\/wp-json\/wp\/v2\/pages\/92\/revisions"}],"predecessor-version":[{"id":96,"href":"https:\/\/estherfdez.es\/en\/wp-json\/wp\/v2\/pages\/92\/revisions\/96"}],"wp:attachment":[{"href":"https:\/\/estherfdez.es\/en\/wp-json\/wp\/v2\/media?parent=92"}],"curies":[{"name":"wp","href":"https:\/\/api.w.org\/{rel}","templated":true}]}}