{"id":104,"date":"2023-12-27T11:27:02","date_gmt":"2023-12-27T11:27:02","guid":{"rendered":"https:\/\/estherfdez.es\/?page_id=104"},"modified":"2023-12-27T11:27:05","modified_gmt":"2023-12-27T11:27:05","slug":"accesibilidad","status":"publish","type":"page","link":"https:\/\/estherfdez.es\/en\/accesibilidad\/","title":{"rendered":"Accesibilidad"},"content":{"rendered":"<div id=\"fws_69e1a3571d92e\"  data-column-margin=\"default\" data-midnight=\"dark\" data-top-percent=\"10%\"  class=\"wpb_row vc_row-fluid vc_row\"  style=\"padding-top: calc(100vw * 0.10); padding-bottom: 0px; \"><div class=\"row-bg-wrap\" data-bg-animation=\"none\" data-bg-animation-delay=\"\" data-bg-overlay=\"false\"><div class=\"inner-wrap row-bg-layer\" ><div class=\"row-bg viewport-desktop\"  style=\"\"><\/div><\/div><\/div><div class=\"row_col_wrap_12 col span_12 dark left\">\n\t<div  class=\"vc_col-sm-12 wpb_column column_container vc_column_container col no-extra-padding inherit_tablet inherit_phone\"  data-padding-pos=\"all\" data-has-bg-color=\"false\" data-bg-color=\"\" data-bg-opacity=\"1\" data-animation=\"\" data-delay=\"0\" >\n\t\t<div class=\"vc_column-inner\" >\n\t\t\t<div class=\"wpb_wrapper\">\n\t\t\t\t\n<div class=\"wpb_text_column wpb_content_element\" >\n\t<div class=\"wpb_wrapper\">\n\t\t<div id=\"content\" class=\"content-area\" role=\"main\">\n<div id=\"row-1585906409\" class=\"row\">\n<div id=\"col-1291261929\" class=\"col small-12 large-12\">\n<div class=\"col-inner\">\n<h1 class=\"wp-block-heading\" style=\"text-align: center;\"><span style=\"color: #333333;\">Declaraci\u00f3n de Accesibilidad<\/span><\/h1>\n<div class=\"page\" title=\"Page 1\">\n<div class=\"section\">\n<div class=\"layoutArea\">\n<div class=\"column\">\n<div class=\"page\" title=\"Page 1\">\n<div class=\"section\">\n<div class=\"layoutArea\">\n<div class=\"column\">\n<p>&nbsp;<\/p>\n<p><span style=\"color: #333333;\">Esther Fern\u00e1ndez Rabanedo se ha comprometido a hacer accesibles sus sitios web de conformidad con el Real Decreto 1112\/2018, de 7 de septiembre, sobre accesibilidad de los sitios web y aplicaciones para dispositivos m\u00f3viles del sector p\u00fablico (en adelante, Real Decreto 1112\/2018, de 7 de septiembre).<\/span><\/p>\n<\/div>\n<\/div>\n<\/div>\n<\/div>\n<\/div>\n<\/div>\n<\/div>\n<\/div>\n<p><span style=\"color: #333333;\">La presente declaraci\u00f3n de accesibilidad se aplica al sitio web https:\/\/estherfdez.es\/ (los subdominios de este sitio web tendr\u00e1n sus propias declaraciones de accesibilidad).<\/span><\/p>\n<h4><span style=\"color: #333333;\">Situaci\u00f3n de cumplimiento<\/span><\/h4>\n<p><span style=\"color: #333333;\">Este sitio web es plenamente conforme con el Real Decreto 1112\/2018, de 7 de septiembre, debido a la obtenci\u00f3n de una puntuaci\u00f3n media del sitio web de 10,00.<\/span><\/p>\n<p><span style=\"color: #333333;\">Preparaci\u00f3n de la presente declaraci\u00f3n de accesibilidad<\/span><\/p>\n<p><span style=\"color: #333333;\">La presente declaraci\u00f3n fue preparada el 26 de septiembre de 2023.<\/span><\/p>\n<p><span style=\"color: #333333;\">El m\u00e9todo empleado para preparar la declaraci\u00f3n ha sido una autoevaluaci\u00f3n llevada a cabo por el propio organismo.<\/span><\/p>\n<p><span style=\"color: #333333;\">\u00daltima revisi\u00f3n de la declaraci\u00f3n: 27 de diciembre de 2023.<\/span><\/p>\n<p><span style=\"color: #333333;\">Observaciones y datos de contacto<\/span><\/p>\n<p><span style=\"color: #333333;\">Puede realizar comunicaciones sobre requisitos de accesibilidad (art\u00edculo 10.2.a) del Real Decreto 1112\/2018, de 7 de septiembre) como, por ejemplo:<\/span><\/p>\n<p><span style=\"color: #333333;\">Informar sobre cualquier posible incumplimiento por parte de este sitio web.<\/span><br \/>\n<span style=\"color: #333333;\">Transmitir otras dificultades de acceso al contenido.<\/span><br \/>\n<span style=\"color: #333333;\">Formular cualquier otra consulta o sugerencia de mejora relativa a la accesibilidad del sitio web.<\/span><br \/>\n<span style=\"color: #333333;\">A trav\u00e9s de las siguientes v\u00edas:<\/span><\/p>\n<p><span style=\"color: #333333;\">Correo electr\u00f3nico: esther@estherfdez.es<\/span><\/p>\n<p><span style=\"color: #333333;\">Tel\u00e9fono: \u00a0607 66 22 03<\/span><\/p>\n<p><span style=\"color: #333333;\">Tambi\u00e9n puede solicitar en formato accesible informaci\u00f3n que no cumpla con los requisitos de accesibilidad bien por estar excluida, bien por estar exenta por carga desproporcionada; o formular una queja por incumplimiento de los requisitos de accesibilidad. Enlace al procedimiento de solicitud de informaci\u00f3n accesible y quejas del art\u00edculo 12 del Real Decreto 1112\/2018, de 7 de septiembre.<\/span><\/p>\n<p><span style=\"color: #333333;\">Las comunicaciones, solicitudes de informaci\u00f3n accesible y quejas debe dirigirlas a la Subdirecci\u00f3n General de Servicios Web, Transparencia y Protecci\u00f3n de Datos (Secretar\u00eda General T\u00e9cnica), como unidad responsable de los contenidos de este sitio web.<\/span><\/p>\n<h4><span style=\"color: #333333;\">Procedimiento de aplicaci\u00f3n<\/span><\/h4>\n<p><span style=\"color: #333333;\">A trav\u00e9s de este procedimiento podr\u00e1 iniciar una reclamaci\u00f3n para conocer y oponerse a los motivos de la desestimaci\u00f3n de una solicitud de informaci\u00f3n accesible o queja, instar la adopci\u00f3n de las medidas oportunas en el caso de no estar de acuerdo con la decisi\u00f3n adoptada, o exponer las razones por las que se considera que la respuesta no cumple con los requisitos exigidos.<\/span><\/p>\n<p><span style=\"color: #333333;\">Enlace al procedimiento de reclamaci\u00f3n , que debe dirigir a la Subdirecci\u00f3n General de Servicios Web, Transparencia y Protecci\u00f3n de Datos, como Unidad responsable de accesibilidad de este Ministerio, o si la reclamaci\u00f3n es por una actuaci\u00f3n de dicha Unidad, al superior jer\u00e1rquico de \u00e9sta.<\/span><\/p>\n<h4><span style=\"color: #333333;\">Contenido opcional<\/span><\/h4>\n<p><span style=\"color: #333333;\">La versi\u00f3n actualmente visible de este sitio web es de mayo de 2023 y en esa fecha se hizo la revisi\u00f3n del nivel de accesibilidad vigente en aquel momento.<\/span><\/p>\n<p><span style=\"color: #333333;\">A partir de dicha fecha se llevan a cabo revisiones parciales diarias del contenido web nuevo o modificado, tanto de las plantillas como de las p\u00e1ginas y documentos finales publicados, a fin de asegurar el cumplimiento de los requerimientos de accesibilidad de la Norma UNE-EN 301549:2022, considerando las excepciones del Real Decreto 1112\/2018, de 7 de septiembre.<\/span><\/p>\n<p><span style=\"color: #333333;\">Entre otras se adoptan las siguientes medidas para facilitar la accesibilidad:<\/span><\/p>\n<ul>\n<li><span style=\"color: #333333;\">Utilizaci\u00f3n de texto alternativo en las im\u00e1genes<\/span><\/li>\n<li><span style=\"color: #333333;\">Los enlaces ofrecen detalles de la funci\u00f3n o destino del hiperv\u00ednculo<\/span><\/li>\n<li><span style=\"color: #333333;\">Uso de los est\u00e1ndares del W3C: XHTML 1.0, CSS 3.0, WAI AA.<\/span><\/li>\n<\/ul>\n<\/div>\n<\/div>\n<\/div>\n<\/div>\n<footer id=\"footer\" class=\"footer-wrapper\">\n<div id=\"row-1185729861\" class=\"row\">\n<div id=\"col-928546956\" class=\"col small-12 large-12\">\n<div class=\"col-inner\"><\/div>\n<\/div>\n<\/div>\n<\/footer>\n\t<\/div>\n<\/div>\n\n\n\n\n\t\t\t<\/div> \n\t\t<\/div>\n\t<\/div> \n<\/div><\/div>\n\t\t<div id=\"fws_69e1a3571df4a\"  data-column-margin=\"default\" data-midnight=\"dark\"  class=\"wpb_row vc_row-fluid vc_row\"  style=\"padding-top: 0px; padding-bottom: 0px; \"><div class=\"row-bg-wrap\" data-bg-animation=\"none\" data-bg-animation-delay=\"\" data-bg-overlay=\"false\"><div class=\"inner-wrap row-bg-layer\" ><div class=\"row-bg viewport-desktop\"  style=\"\"><\/div><\/div><\/div><div class=\"row_col_wrap_12 col span_12 dark left\">\n\t<div  class=\"vc_col-sm-12 wpb_column column_container vc_column_container col no-extra-padding inherit_tablet inherit_phone\"  data-padding-pos=\"all\" data-has-bg-color=\"false\" data-bg-color=\"\" data-bg-opacity=\"1\" data-animation=\"\" data-delay=\"0\" >\n\t\t<div class=\"vc_column-inner\" >\n\t\t\t<div class=\"wpb_wrapper\">\n\t\t\t\t\n\t\t<div id=\"fws_69e1a3571e48f\"  data-column-margin=\"default\" data-midnight=\"dark\" data-bottom-percent=\"4%\"  class=\"wpb_row vc_row-fluid vc_row full-width-content vc_row-o-equal-height vc_row-flex vc_row-o-content-bottom  right_padding_6pct left_padding_6pct\"  style=\"padding-top: 0px; padding-bottom: calc(100vw * 0.04); \"><div class=\"row-bg-wrap\" data-bg-animation=\"none\" data-bg-animation-delay=\"\" data-bg-overlay=\"false\"><div class=\"inner-wrap row-bg-layer\" ><div class=\"row-bg viewport-desktop\"  style=\"\"><\/div><\/div><\/div><div class=\"row_col_wrap_12 col span_12 dark left\">\n\t<div  class=\"vc_col-sm-12 wpb_column column_container vc_column_container col padding-4-percent inherit_tablet inherit_phone border_top_desktop_5px border_color_ffcc3e border_style_solid\"  data-padding-pos=\"bottom\" data-has-bg-color=\"false\" data-bg-color=\"\" data-bg-opacity=\"1\" data-animation=\"\" data-delay=\"0\" >\n\t\t<div class=\"vc_column-inner\" >\n\t\t\t<div class=\"wpb_wrapper\">\n\t\t\t\t<div class=\"divider-wrap\" data-alignment=\"default\"><div style=\"margin-top: 5px; height: 1px; margin-bottom: 5px;\" data-width=\"100%\" data-animate=\"yes\" data-animation-delay=\"\" data-color=\"extra-color-1\" class=\"divider-border\"><\/div><\/div>\n\t\t\t<\/div> \n\t\t<\/div>\n\t<\/div> \n\n\t<div style=\" color: #232323;\" class=\"vc_col-sm-3 wpb_column column_container vc_column_container col no-extra-padding inherit_tablet inherit_phone\" data-cfc=\"true\"  data-t-w-inherits=\"small_desktop\" data-padding-pos=\"all\" data-has-bg-color=\"false\" data-bg-color=\"\" data-bg-opacity=\"1\" data-animation=\"\" data-delay=\"0\" >\n\t\t<div class=\"vc_column-inner\" >\n\t\t\t<div class=\"wpb_wrapper\">\n\t\t\t\t<div id=\"fws_69e1a3571ea57\" data-midnight=\"\" data-column-margin=\"default\" class=\"wpb_row vc_row-fluid vc_row inner_row\"  style=\"\"><div class=\"row-bg-wrap\"> <div class=\"row-bg\" ><\/div> <\/div><div class=\"row_col_wrap_12_inner col span_12  left\">\n\t<div  class=\"vc_col-sm-12 wpb_column column_container vc_column_container col child_column padding-2-percent inherit_tablet padding-3-percent_phone\"   data-padding-pos=\"bottom\" data-has-bg-color=\"false\" data-bg-color=\"\" data-bg-opacity=\"1\" data-animation=\"\" data-delay=\"0\" >\n\t\t<div class=\"vc_column-inner\" >\n\t\t<div class=\"wpb_wrapper\">\n\t\t\t<div class=\"nectar-responsive-text nectar-link-underline-effect\"><p><strong>Esther Fern\u00e1ndez<\/strong><\/p>\n<\/div>\n\t\t<\/div> \n\t<\/div>\n\t<\/div> \n<\/div><\/div><div class=\"nectar-responsive-text font_line_height_1-2 nectar-link-underline-effect\"><p>Whatsapp: <a href=\"https:\/\/wa.me\/607662203\" target=\"_blank\" rel=\"noopener\">+34 607 662 203<\/a><br \/>\nesther@estherfdez.es<\/p>\n<\/div>\n\t\t\t<\/div> \n\t\t<\/div>\n\t<\/div> \n\n\t<div style=\" color: #232323;\" class=\"vc_col-sm-3 wpb_column column_container vc_column_container col no-extra-padding inherit_tablet inherit_phone\" data-cfc=\"true\"  data-t-w-inherits=\"small_desktop\" data-padding-pos=\"all\" data-has-bg-color=\"false\" data-bg-color=\"\" data-bg-opacity=\"1\" data-animation=\"\" data-delay=\"0\" >\n\t\t<div class=\"vc_column-inner\" >\n\t\t\t<div class=\"wpb_wrapper\">\n\t\t\t\t\n\t\t\t<\/div> \n\t\t<\/div>\n\t<\/div> \n\n\t<div style=\" color: #232323;\" class=\"vc_col-sm-3 wpb_column column_container vc_column_container col no-extra-padding inherit_tablet inherit_phone\" data-cfc=\"true\"  data-t-w-inherits=\"small_desktop\" data-padding-pos=\"all\" data-has-bg-color=\"false\" data-bg-color=\"\" data-bg-opacity=\"1\" data-animation=\"\" data-delay=\"0\" >\n\t\t<div class=\"vc_column-inner\" >\n\t\t\t<div class=\"wpb_wrapper\">\n\t\t\t\t\n\t\t\t<\/div> \n\t\t<\/div>\n\t<\/div> \n\n\t<div style=\" color: #232323;\" class=\"vc_col-sm-3 wpb_column column_container vc_column_container col padding-3-percent inherit_tablet inherit_phone\" data-cfc=\"true\"  data-t-w-inherits=\"small_desktop\" data-padding-pos=\"top\" data-has-bg-color=\"false\" data-bg-color=\"\" data-bg-opacity=\"1\" data-animation=\"\" data-delay=\"0\" >\n\t\t<div class=\"vc_column-inner\" >\n\t\t\t<div class=\"wpb_wrapper\">\n\t\t\t\t<div class=\"img-with-aniamtion-wrap right margin_top_phone_2pct margin_right_phone_30pct margin_left_tablet_-20pct margin_left_phone_0pct\" data-max-width=\"100%\" data-max-width-mobile=\"default\" data-shadow=\"none\" data-animation=\"none\"  style=\"margin-left: 20%;\">\n      <div class=\"inner\">\n        <div class=\"hover-wrap\"> \n          <div class=\"hover-wrap-inner\">\n            <img loading=\"lazy\" decoding=\"async\" class=\"img-with-animation skip-lazy\" data-delay=\"0\" height=\"304\" width=\"3186\" data-animation=\"none\" src=\"https:\/\/estherfdez.es\/wp-content\/uploads\/2023\/12\/logos-juntos-nuevo-negro.png\" alt=\"\" srcset=\"https:\/\/estherfdez.es\/wp-content\/uploads\/2023\/12\/logos-juntos-nuevo-negro.png 3186w, https:\/\/estherfdez.es\/wp-content\/uploads\/2023\/12\/logos-juntos-nuevo-negro-300x29.png 300w, https:\/\/estherfdez.es\/wp-content\/uploads\/2023\/12\/logos-juntos-nuevo-negro-1024x98.png 1024w, https:\/\/estherfdez.es\/wp-content\/uploads\/2023\/12\/logos-juntos-nuevo-negro-768x73.png 768w, https:\/\/estherfdez.es\/wp-content\/uploads\/2023\/12\/logos-juntos-nuevo-negro-1536x147.png 1536w, https:\/\/estherfdez.es\/wp-content\/uploads\/2023\/12\/logos-juntos-nuevo-negro-2048x195.png 2048w\" sizes=\"auto, (max-width: 3186px) 100vw, 3186px\" \/>\n          <\/div>\n        <\/div>\n      <\/div>\n    <\/div>\n\t\t\t<\/div> \n\t\t<\/div>\n\t<\/div> \n<\/div><\/div>\n\t\t<div id=\"fws_69e1a3571f63e\"  data-column-margin=\"default\" data-midnight=\"dark\" data-bottom-percent=\"3%\"  class=\"wpb_row vc_row-fluid vc_row full-width-content vc_row-o-equal-height vc_row-flex vc_row-o-content-top  right_padding_6pct left_padding_6pct\"  style=\"padding-top: 0px; padding-bottom: calc(100vw * 0.03); \"><div class=\"row-bg-wrap\" data-bg-animation=\"none\" data-bg-animation-delay=\"\" data-bg-overlay=\"false\"><div class=\"inner-wrap row-bg-layer\" ><div class=\"row-bg viewport-desktop\"  style=\"\"><\/div><\/div><\/div><div class=\"row_col_wrap_12 col span_12 dark left\">\n\t<div style=\" color: #000000;margin-top: -3%; \" class=\"vc_col-sm-12 wpb_column column_container vc_column_container col neg-marg no-extra-padding force-desktop-text-align-left el_spacing_0px top_margin_tablet_0px inherit_tablet inherit_phone\" data-cfc=\"true\"  data-t-w-inherits=\"small_desktop\" data-padding-pos=\"all\" data-has-bg-color=\"false\" data-bg-color=\"\" data-bg-opacity=\"1\" data-animation=\"\" data-delay=\"0\" >\n\t\t<div class=\"vc_column-inner\" >\n\t\t\t<div class=\"wpb_wrapper\">\n\t\t\t\t<div id=\"fws_69e1a3571f89e\" data-midnight=\"\" data-column-margin=\"default\" class=\"wpb_row vc_row-fluid vc_row inner_row vc_row-o-equal-height vc_row-flex vc_row-o-content-bottom\"  style=\"\"><div class=\"row-bg-wrap\"> <div class=\"row-bg\" ><\/div> <\/div><div class=\"row_col_wrap_12_inner col span_12  left\">\n\t<div  class=\"vc_col-sm-6 wpb_column column_container vc_column_container col child_column no-extra-padding column_element_direction_desktop_horizontal force-desktop-text-align-left column_element_direction_tablet_horizontal left_margin_-5px inherit_tablet inherit_phone\"    data-t-w-inherits=\"small_desktop\" data-padding-pos=\"left-right\" data-has-bg-color=\"false\" data-bg-color=\"\" data-bg-opacity=\"1\" data-animation=\"\" data-delay=\"0\" >\n\t\t<div class=\"vc_column-inner\" >\n\t\t<div class=\"wpb_wrapper\">\n\t\t\t<div class=\"nectar_icon_wrap\" data-style=\"default\" data-padding=\"5px\" data-color=\"accent-color\" style=\"\" >\n\t\t<div class=\"nectar_icon\" ><a href=\"https:\/\/www.facebook.com\/estherfdezmindfulness\/\" target=\"_blank\" rel=\"noopener\"><\/a><i style=\"font-size: 25px; line-height: 25px; height: 25px; width: 25px;\" class=\"fa fa-facebook-square\"><\/i><\/div>\n\t<\/div><div class=\"nectar_icon_wrap\" data-style=\"default\" data-padding=\"5px\" data-color=\"accent-color\" style=\"\" >\n\t\t<div class=\"nectar_icon\" ><a href=\"https:\/\/www.instagram.com\/_esther.fernandez_\/\" target=\"_blank\" rel=\"noopener\"><\/a><i style=\"font-size: 25px; line-height: 25px; height: 25px; width: 25px;\" class=\"fa fa-instagram\"><\/i><\/div>\n\t<\/div><div class=\"nectar_icon_wrap\" data-style=\"default\" data-padding=\"5px\" data-color=\"accent-color\" style=\"\" >\n\t\t<div class=\"nectar_icon\" ><a href=\"https:\/\/www.linkedin.com\/in\/estherfernandez-coaching-profesional-mindfulness-estr%C3%A9s\/\" target=\"_blank\" rel=\"noopener\"><\/a><i style=\"font-size: 25px; line-height: 25px; height: 25px; width: 25px;\" class=\"fa fa-linkedin-square\"><\/i><\/div>\n\t<\/div><div class=\"nectar_icon_wrap\" data-style=\"default\" data-padding=\"5px\" data-color=\"accent-color\" style=\"\" >\n\t\t<div class=\"nectar_icon\" ><a href=\"https:\/\/www.youtube.com\/@estherfernandez.mindfulness\" target=\"_blank\" rel=\"noopener\"><\/a><i style=\"font-size: 25px; line-height: 25px; height: 25px; width: 25px;\" class=\"fa fa-youtube-play\"><\/i><\/div>\n\t<\/div>\n\t\t<\/div> \n\t<\/div>\n\t<\/div> \n\n\t<div  class=\"vc_col-sm-6 wpb_column column_container vc_column_container col child_column no-extra-padding column_element_direction_desktop_horizontal force-desktop-text-align-right column_element_direction_tablet_horizontal column_element_direction_phone_horizontal force-phone-text-align-center inherit_tablet inherit_phone\"    data-t-w-inherits=\"small_desktop\" data-padding-pos=\"all\" data-has-bg-color=\"false\" data-bg-color=\"\" data-bg-opacity=\"1\" data-animation=\"\" data-delay=\"0\" >\n\t\t<div class=\"vc_column-inner\" >\n\t\t<div class=\"wpb_wrapper\">\n\t\t\t<div class=\"nectar-responsive-text font_size_desktop_-7rem nectar-link-underline-effect\"><a href=\"https:\/\/cristina.megamolona.com\/politica-de-privacidad\/\" target=\"_blank\" rel=\"noopener\"><p><a href=\"\/en\/politica-de-privacidad\/\">Privacidad \u00b7<\/a><\/p>\n<\/a><\/div><div class=\"nectar-responsive-text font_size_desktop_-7rem nectar-link-underline-effect\"><a href=\"https:\/\/cristina.megamolona.com\/politica-de-privacidad\/\" target=\"_blank\" rel=\"noopener\"><p><a href=\"\/en\/accesibilidad\/\">Accesibilidad \u00b7<\/a><\/p>\n<\/a><\/div><div class=\"nectar-responsive-text font_size_desktop_-7rem nectar-link-underline-effect\"><a href=\"https:\/\/cristina.megamolona.com\/politica-de-privacidad\/\" target=\"_blank\" rel=\"noopener\"><p><a href=\"\/en\/aviso-legal\/\">Aviso legal \u00b7<\/a><\/p>\n<\/a><\/div><div class=\"nectar-responsive-text font_size_desktop_-7rem nectar-link-underline-effect\"><a href=\"https:\/\/cristina.megamolona.com\/politica-de-privacidad\/\" target=\"_blank\" rel=\"noopener\"><p><a href=\"\/en\/politica-de-cookies\/\">Cookies<\/a><\/p>\n<\/a><\/div>\n\t\t<\/div> \n\t<\/div>\n\t<\/div> \n<\/div><\/div>\n\t\t\t<\/div> \n\t\t<\/div>\n\t<\/div> \n<\/div><\/div>\n\t\t<div id=\"fws_69e1a3572036c\"  data-column-margin=\"default\" data-midnight=\"dark\"  class=\"wpb_row vc_row-fluid vc_row full-width-content vc_row-o-equal-height vc_row-flex vc_row-o-content-top  right_padding_2pct left_padding_2pct\"  style=\"padding-top: 0px; padding-bottom: 0px; \"><div class=\"row-bg-wrap\" data-bg-animation=\"none\" data-bg-animation-delay=\"\" data-bg-overlay=\"false\"><div class=\"inner-wrap row-bg-layer\" ><div class=\"row-bg viewport-desktop using-bg-color\"  style=\"background-color: #ffcc3e; \"><\/div><\/div><\/div><div class=\"row_col_wrap_12 col span_12 dark left\">\n\t<div style=\" color: #000000;\" class=\"vc_col-sm-12 wpb_column column_container vc_column_container col no-extra-padding inherit_tablet inherit_phone\" data-cfc=\"true\"  data-padding-pos=\"all\" data-has-bg-color=\"false\" data-bg-color=\"\" data-bg-opacity=\"1\" data-animation=\"\" data-delay=\"0\" >\n\t\t<div class=\"vc_column-inner\" >\n\t\t\t<div class=\"wpb_wrapper\">\n\t\t\t\t<div id=\"fws_69e1a357205b6\" data-midnight=\"\" data-column-margin=\"default\" class=\"wpb_row vc_row-fluid vc_row inner_row\"  style=\"\"><div class=\"row-bg-wrap\"> <div class=\"row-bg\" ><\/div> <\/div><div class=\"row_col_wrap_12_inner col span_12  left\">\n\t<div  class=\"vc_col-sm-4 vc_col-xs-4 wpb_column column_container vc_column_container col child_column no-extra-padding inherit_tablet inherit_phone\"    data-t-w-inherits=\"small_desktop\" data-padding-pos=\"all\" data-has-bg-color=\"false\" data-bg-color=\"\" data-bg-opacity=\"1\" data-animation=\"\" data-delay=\"0\" >\n\t\t<div class=\"vc_column-inner\" >\n\t\t<div class=\"wpb_wrapper\">\n\t\t\t<div class=\"nectar-responsive-text font_size_desktop_1vw font_size_phone_1-5vw nectar-link-underline-effect\"><p>DESIGNED BY OUTSIDERS<\/p>\n<\/div>\n\t\t<\/div> \n\t<\/div>\n\t<\/div> \n\n\t<div  class=\"vc_col-sm-4 vc_col-xs-4 wpb_column column_container vc_column_container col child_column no-extra-padding inherit_tablet inherit_phone\"    data-t-w-inherits=\"small_desktop\" data-padding-pos=\"all\" data-has-bg-color=\"false\" data-bg-color=\"\" data-bg-opacity=\"1\" data-animation=\"\" data-delay=\"0\" >\n\t\t<div class=\"vc_column-inner\" >\n\t\t<div class=\"wpb_wrapper\">\n\t\t\t<div class=\"nectar-responsive-text font_size_desktop_1vw font_size_phone_1-5vw nectar-link-underline-effect\"><p style=\"text-align: center\">ESTHER FERN\u00c1NDEZ<\/p>\n<\/div>\n\t\t<\/div> \n\t<\/div>\n\t<\/div> \n\n\t<div  class=\"vc_col-sm-4 vc_col-xs-4 wpb_column column_container vc_column_container col child_column no-extra-padding inherit_tablet inherit_phone\"    data-t-w-inherits=\"small_desktop\" data-padding-pos=\"all\" data-has-bg-color=\"false\" data-bg-color=\"\" data-bg-opacity=\"1\" data-animation=\"\" data-delay=\"0\" >\n\t\t<div class=\"vc_column-inner\" >\n\t\t<div class=\"wpb_wrapper\">\n\t\t\t<div class=\"nectar-responsive-text font_size_desktop_1vw font_size_phone_1-5vw nectar-link-underline-effect\"><p style=\"text-align: right\"><span class=\"nectar-current-year\">2026<\/span><\/p>\n<\/div>\n\t\t<\/div> \n\t<\/div>\n\t<\/div> \n<\/div><\/div>\n\t\t\t<\/div> \n\t\t<\/div>\n\t<\/div> \n<\/div><\/div>\n<style type=\"text\/css\" data-type=\"vc_custom-css\">a{\r\n    background-color:none!important;\r\n    text-decoration:none!important\r\n}\r\n.nectar-link-underline-effect a {\r\n    background-size:0px!important;\r\n}<\/style>\n\t\t\t<\/div> \n\t\t<\/div>\n\t<\/div> \n<\/div><\/div>","protected":false},"excerpt":{"rendered":"Declaraci\u00f3n de Accesibilidad &nbsp; Esther Fern\u00e1ndez Rabanedo se ha comprometido a hacer accesibles sus sitios web de conformidad con el Real Decreto 1112\/2018, de 7 de septiembre, sobre accesibilidad de...","protected":false},"author":1,"featured_media":0,"parent":0,"menu_order":0,"comment_status":"closed","ping_status":"closed","template":"","meta":{"footnotes":""},"class_list":["post-104","page","type-page","status-publish"],"_links":{"self":[{"href":"https:\/\/estherfdez.es\/en\/wp-json\/wp\/v2\/pages\/104","targetHints":{"allow":["GET"]}}],"collection":[{"href":"https:\/\/estherfdez.es\/en\/wp-json\/wp\/v2\/pages"}],"about":[{"href":"https:\/\/estherfdez.es\/en\/wp-json\/wp\/v2\/types\/page"}],"author":[{"embeddable":true,"href":"https:\/\/estherfdez.es\/en\/wp-json\/wp\/v2\/users\/1"}],"replies":[{"embeddable":true,"href":"https:\/\/estherfdez.es\/en\/wp-json\/wp\/v2\/comments?post=104"}],"version-history":[{"count":2,"href":"https:\/\/estherfdez.es\/en\/wp-json\/wp\/v2\/pages\/104\/revisions"}],"predecessor-version":[{"id":106,"href":"https:\/\/estherfdez.es\/en\/wp-json\/wp\/v2\/pages\/104\/revisions\/106"}],"wp:attachment":[{"href":"https:\/\/estherfdez.es\/en\/wp-json\/wp\/v2\/media?parent=104"}],"curies":[{"name":"wp","href":"https:\/\/api.w.org\/{rel}","templated":true}]}}